{"id":63,"date":"2012-03-06T12:36:04","date_gmt":"2012-03-06T11:36:04","guid":{"rendered":"http:\/\/www.tupajumi.com\/new\/?page_id=63"},"modified":"2024-11-05T14:52:59","modified_gmt":"2024-11-05T13:52:59","slug":"about","status":"publish","type":"page","link":"https:\/\/www.tupajumi.com\/new\/about\/","title":{"rendered":"About"},"content":{"rendered":"<p><img loading=\"lazy\" decoding=\"async\" class=\"alignleft wp-image-529 size-full\" src=\"http:\/\/www.tupajumi.com\/new\/newlekkerinloggen\/uploads\/tupajumi_logo_155-1551.jpg\" alt=\"\" width=\"155\" height=\"155\" srcset=\"https:\/\/www.tupajumi.com\/new\/newlekkerinloggen\/uploads\/tupajumi_logo_155-1551.jpg 155w, https:\/\/www.tupajumi.com\/new\/newlekkerinloggen\/uploads\/tupajumi_logo_155-1551-150x150.jpg 150w\" sizes=\"auto, (max-width: 155px) 100vw, 155px\" \/><br \/>\n<strong>The Tupajumi foundation promotes contemporary art and contemporary artists by organising art-related events and group exhibitions in innovative and resourceful ways<\/strong> .<strong> The network started in 2002 and continued as foundation in 2004. It offers artists new opportunities, resources and markets in order to expand their network. With the growing support of artists and friends Tupajumi organizes group exhibitions and art related events internationally at key locations within local art scenes. <\/strong><\/p>\n<p>&nbsp;<\/p>\n<p><strong>Tupajumi started in 2002 as an artist-network and was setup by Jonathan den Breejen, Robert Chaplin (CDN) &amp; Ilpo J\u00e4\u00e4skel\u00e4inen (FI) (2004-2009). In 2009 Tupajumi became a foundation.<\/strong><\/p>\n<p><strong>Tupajumi foundation is also known as Stichting Tupajumi.<\/strong><br \/>\n<em>The Tupajumi foundation was established on the 14th of October 2009 in the city of Enschede and is currently registered under the number\u00a0 08208409 at the Chamber of Commerce in Rotterdam.<\/em><\/p>\n<p><strong>Since 01-01-2012 the Tupajumi foundation received the <a href=\"https:\/\/www.belastingdienst.nl\/wps\/wcm\/connect\/bldcontenten\/belastingdienst\/business\/business-public-benefit-organisations\/public_benefit_organisations\/\" target=\"_blank\" rel=\"noopener\">ANBI<\/a> status by the Dutch Tax and Customs Administration (de Belastingdienst). In short : the Tupajumi foundation is a Public Benefit Organisation ( in Dutch: Algemeen nut beogende instelling (ANBI)). An organisation can only have the ANBI status if it\u2019s organisation\u2019s efforts are almost entirely committed to the public benefit. <\/strong><strong><a href=\"http:\/\/www.tupajumi.com\/new\/?page_id=1841\">read more<\/a> (currently mostly in Dutch)<\/strong><\/p>\n<p>&#8230;&#8230;&#8230;&#8230;&#8230;&#8230;&#8230;&#8230;&#8230;&#8230;&#8230;&#8230;&#8230;&#8230;<strong><br \/>\nThe Tupajumi foundation is currently run by:<br \/>\n<a href=\"http:\/\/nl.linkedin.com\/pub\/jonathan-den-breejen\/9\/886\/b94\" target=\"_blank\" rel=\"noopener noreferrer\">Jonathan den Breejen<\/a> (NL) <\/strong>chairman\u00a0<strong><br \/>\n??????? You?? Open position <\/strong>secretary<strong><br \/>\n<a href=\"http:\/\/www.berenicestaiger.com\/\" target=\"_blank\" rel=\"noopener noreferrer\">B\u00e9r\u00e9nice Staiger<\/a> (DE) <\/strong>treasurer<br \/>\n&#8230;&#8230;&#8230;&#8230;&#8230;&#8230;&#8230;&#8230;&#8230;&#8230;&#8230;&#8230;&#8230;&#8230;<\/p>\n<p>More details on the Tupajumi foundation and its <a href=\"http:\/\/www.tupajumi.com\/new\/?page_id=1841\"><span style=\"text-decoration: underline;\"><strong>ANBI<\/strong> status.<\/span><\/a><\/p>\n<p><strong>Join us on Facebook, Twitter or via our Newsletter:<\/strong><\/p>\n<p><img loading=\"lazy\" decoding=\"async\" class=\"alignleft wp-image-978 size-full\" src=\"http:\/\/www.tupajumi.com\/new\/newlekkerinloggen\/uploads\/facebook-smaller.jpg\" alt=\"\" width=\"21\" height=\"21\" \/>\u00a0<img loading=\"lazy\" decoding=\"async\" class=\"alignleft wp-image-979 size-full\" src=\"http:\/\/www.tupajumi.com\/new\/newlekkerinloggen\/uploads\/mail-icon.jpg\" alt=\"\" width=\"21\" height=\"20\" \/>\u00a0 <img loading=\"lazy\" decoding=\"async\" class=\"alignleft wp-image-980 size-full\" src=\"http:\/\/www.tupajumi.com\/new\/newlekkerinloggen\/uploads\/twitter-smaller.jpg\" alt=\"\" width=\"21\" height=\"21\" \/><\/p>\n","protected":false},"excerpt":{"rendered":"<p>The Tupajumi foundation promotes contemporary art and contemporary artists by organising art-related events and group&#8230;<\/p>\n","protected":false},"author":1,"featured_media":0,"parent":0,"menu_order":0,"comment_status":"closed","ping_status":"closed","template":"","meta":{"footnotes":""},"class_list":["post-63","page","type-page","status-publish","hentry"],"_links":{"self":[{"href":"https:\/\/www.tupajumi.com\/new\/wp-json\/wp\/v2\/pages\/63","targetHints":{"allow":["GET"]}}],"collection":[{"href":"https:\/\/www.tupajumi.com\/new\/wp-json\/wp\/v2\/pages"}],"about":[{"href":"https:\/\/www.tupajumi.com\/new\/wp-json\/wp\/v2\/types\/page"}],"author":[{"embeddable":true,"href":"https:\/\/www.tupajumi.com\/new\/wp-json\/wp\/v2\/users\/1"}],"replies":[{"embeddable":true,"href":"https:\/\/www.tupajumi.com\/new\/wp-json\/wp\/v2\/comments?post=63"}],"version-history":[{"count":85,"href":"https:\/\/www.tupajumi.com\/new\/wp-json\/wp\/v2\/pages\/63\/revisions"}],"predecessor-version":[{"id":2318,"href":"https:\/\/www.tupajumi.com\/new\/wp-json\/wp\/v2\/pages\/63\/revisions\/2318"}],"wp:attachment":[{"href":"https:\/\/www.tupajumi.com\/new\/wp-json\/wp\/v2\/media?parent=63"}],"curies":[{"name":"wp","href":"https:\/\/api.w.org\/{rel}","templated":true}]}}